{"id":23,"date":"2017-08-09T16:13:42","date_gmt":"2017-08-09T20:13:42","guid":{"rendered":"http:\/\/rysbolivia.com\/RyS\/?page_id=23"},"modified":"2024-05-03T10:31:47","modified_gmt":"2024-05-03T14:31:47","slug":"asesoria-en-materia-de-comercio-exterior","status":"publish","type":"page","link":"https:\/\/rysbolivia.com\/RyS\/asesoria-en-materia-de-comercio-exterior\/","title":{"rendered":"ASESOR\u00cdA EN MATERIA DE COMERCIO EXTERIOR"},"content":{"rendered":"<div class='white' style='background:rgba(0,0,0,0); border:solid 0px rgba(0,0,0,0); border-radius:0px; padding:0px 0px 0px 0px;'>\n<div id='slider_1463' class='owl-carousel sa_owl_theme owl-pagination-true autohide-arrows' data-slider-id='slider_1463' style='visibility:hidden;'>\n<div id='slider_1463_slide01' class='sa_hover_container' style='padding:5% 5%; margin:0px 0%; '><p><img data-recalc-dims=\"1\" decoding=\"async\" class=\"alignnone size-full wp-image-1293 lazyload\" data-src=\"https:\/\/i0.wp.com\/rysbolivia.com\/RyS\/wp-content\/uploads\/2023\/07\/diseno-para-sitio-web-de-agencia-despachante-de-aduana-que-denote-Monitoreo-y-Seguimiento-en.png?resize=1080%2C628&#038;ssl=1\" alt=\"\" width=\"1080\" height=\"628\" src=\"data:image\/svg+xml;base64,PHN2ZyB3aWR0aD0iMSIgaGVpZ2h0PSIxIiB4bWxucz0iaHR0cDovL3d3dy53My5vcmcvMjAwMC9zdmciPjwvc3ZnPg==\" style=\"--smush-placeholder-width: 1080px; --smush-placeholder-aspect-ratio: 1080\/628;\" \/>\u00a0 \u00a0\u00a0<\/p><\/div>\n<div id='slider_1463_slide02' class='sa_hover_container' style='padding:5% 5%; margin:0px 0%; '><p><img data-recalc-dims=\"1\" decoding=\"async\" class=\"alignnone size-full wp-image-1335 lazyload\" data-src=\"https:\/\/i0.wp.com\/rysbolivia.com\/RyS\/wp-content\/uploads\/2023\/07\/imagen-para-sitio-web-de-agencia-despachante-de-aduana-que-denote-nuestra-jurisdiccion-a-nive-1.png?resize=1080%2C628&#038;ssl=1\" alt=\"\" width=\"1080\" height=\"628\" src=\"data:image\/svg+xml;base64,PHN2ZyB3aWR0aD0iMSIgaGVpZ2h0PSIxIiB4bWxucz0iaHR0cDovL3d3dy53My5vcmcvMjAwMC9zdmciPjwvc3ZnPg==\" style=\"--smush-placeholder-width: 1080px; --smush-placeholder-aspect-ratio: 1080\/628;\" \/><\/p><\/div>\n<div id='slider_1463_slide03' class='sa_hover_container' style='padding:5% 5%; margin:0px 0%; '><p><img data-recalc-dims=\"1\" decoding=\"async\" class=\"alignnone size-full wp-image-1291 lazyload\" data-src=\"https:\/\/i0.wp.com\/rysbolivia.com\/RyS\/wp-content\/uploads\/2023\/07\/imagen-para-sitio-web-de-agencia-despachante-de-aduana-que-denote-Expertos-en-Operaciones-Esp.png?resize=1080%2C628&#038;ssl=1\" alt=\"\" width=\"1080\" height=\"628\" src=\"data:image\/svg+xml;base64,PHN2ZyB3aWR0aD0iMSIgaGVpZ2h0PSIxIiB4bWxucz0iaHR0cDovL3d3dy53My5vcmcvMjAwMC9zdmciPjwvc3ZnPg==\" style=\"--smush-placeholder-width: 1080px; --smush-placeholder-aspect-ratio: 1080\/628;\" \/><\/p><\/div>\n<div id='slider_1463_slide04' class='sa_hover_container' style='padding:5% 5%; margin:0px 0%; '><p><img data-recalc-dims=\"1\" decoding=\"async\" class=\"alignnone size-full wp-image-1290 lazyload\" data-src=\"https:\/\/i0.wp.com\/rysbolivia.com\/RyS\/wp-content\/uploads\/2023\/07\/Create-a-professional-website-design-for-a-customs-brokerage-agency-that-specializes-in-impor.png?resize=1080%2C628&#038;ssl=1\" alt=\"\" width=\"1080\" height=\"628\" src=\"data:image\/svg+xml;base64,PHN2ZyB3aWR0aD0iMSIgaGVpZ2h0PSIxIiB4bWxucz0iaHR0cDovL3d3dy53My5vcmcvMjAwMC9zdmciPjwvc3ZnPg==\" style=\"--smush-placeholder-width: 1080px; --smush-placeholder-aspect-ratio: 1080\/628;\" \/><\/p><\/div>\n<div id='slider_1463_slide05' class='sa_hover_container' style='padding:5% 5%; margin:0px 0%; '><p><img data-recalc-dims=\"1\" decoding=\"async\" class=\"alignnone size-full wp-image-1286 lazyload\" data-src=\"https:\/\/i0.wp.com\/rysbolivia.com\/RyS\/wp-content\/uploads\/2023\/07\/IMAGEN-PARA-SITIO-WEB-DE-AGENCIA-DESPACHANTE-DE-ADUANA-QUE-DENOTE-ATENCION-PERSONALIZADA.png?resize=1080%2C628&#038;ssl=1\" alt=\"\" width=\"1080\" height=\"628\" src=\"data:image\/svg+xml;base64,PHN2ZyB3aWR0aD0iMSIgaGVpZ2h0PSIxIiB4bWxucz0iaHR0cDovL3d3dy53My5vcmcvMjAwMC9zdmciPjwvc3ZnPg==\" style=\"--smush-placeholder-width: 1080px; --smush-placeholder-aspect-ratio: 1080\/628;\" \/><\/p><\/div>\n<div id='slider_1463_slide06' class='sa_hover_container' style='padding:5% 5%; margin:0px 0%; '><p><img data-recalc-dims=\"1\" decoding=\"async\" class=\"alignnone size-full wp-image-1336 lazyload\" data-src=\"https:\/\/i0.wp.com\/rysbolivia.com\/RyS\/wp-content\/uploads\/2023\/07\/imagen-para-sitio-web-de-agencia-despachante-de-aduana-que-denote-que-somos-un-operador-econo-1.png?resize=1080%2C628&#038;ssl=1\" alt=\"\" width=\"1080\" height=\"628\" src=\"data:image\/svg+xml;base64,PHN2ZyB3aWR0aD0iMSIgaGVpZ2h0PSIxIiB4bWxucz0iaHR0cDovL3d3dy53My5vcmcvMjAwMC9zdmciPjwvc3ZnPg==\" style=\"--smush-placeholder-width: 1080px; --smush-placeholder-aspect-ratio: 1080\/628;\" \/><\/p><\/div>\n<\/div>\n<\/div>\n<script type='text\/javascript'>\n\tjQuery(document).ready(function() {\n\t\tjQuery('#slider_1463').owlCarousel({\n\t\t\titems : 1,\n\t\t\tsmartSpeed : 200,\n\t\t\tautoplay : true,\n\t\t\tautoplayTimeout : 5000,\n\t\t\tautoplayHoverPause : true,\n\t\t\tsmartSpeed : 200,\n\t\t\tfluidSpeed : 200,\n\t\t\tautoplaySpeed : 200,\n\t\t\tnavSpeed : 200,\n\t\t\tdotsSpeed : 200,\n\t\t\tloop : true,\n\t\t\tnav : true,\n\t\t\tnavText : ['Previous','Next'],\n\t\t\tdots : true,\n\t\t\tresponsiveRefreshRate : 200,\n\t\t\tslideBy : 1,\n\t\t\tmergeFit : true,\n\t\t\tautoHeight : true,\n\t\t\tmouseDrag : false,\n\t\t\ttouchDrag : true\n\t\t});\n\t\tjQuery('#slider_1463').css('visibility', 'visible');\n\t\tsa_resize_slider_1463();\n\t\twindow.addEventListener('resize', sa_resize_slider_1463);\n\t\tfunction sa_resize_slider_1463() {\n\t\t\tvar min_height = '50';\n\t\t\tvar win_width = jQuery(window).width();\n\t\t\tvar slider_width = jQuery('#slider_1463').width();\n\t\t\tif (win_width < 480) {\n\t\t\t\tvar slide_width = slider_width \/ 1;\n\t\t\t} else if (win_width < 768) {\n\t\t\t\tvar slide_width = slider_width \/ 1;\n\t\t\t} else if (win_width < 980) {\n\t\t\t\tvar slide_width = slider_width \/ 1;\n\t\t\t} else if (win_width < 1200) {\n\t\t\t\tvar slide_width = slider_width \/ 1;\n\t\t\t} else if (win_width < 1500) {\n\t\t\t\tvar slide_width = slider_width \/ 1;\n\t\t\t} else {\n\t\t\t\tvar slide_width = slider_width \/ 1;\n\t\t\t}\n\t\t\tslide_width = Math.round(slide_width);\n\t\t\tvar slide_height = '0';\n\t\t\tif (min_height == 'aspect43') {\n\t\t\t\tslide_height = (slide_width \/ 4) * 3;\t\t\t\tslide_height = Math.round(slide_height);\n\t\t\t} else if (min_height == 'aspect169') {\n\t\t\t\tslide_height = (slide_width \/ 16) * 9;\t\t\t\tslide_height = Math.round(slide_height);\n\t\t\t} else {\n\t\t\t\tslide_height = (slide_width \/ 100) * min_height;\t\t\t\tslide_height = Math.round(slide_height);\n\t\t\t}\n\t\t\tjQuery('#slider_1463 .owl-item .sa_hover_container').css('min-height', slide_height+'px');\n\t\t}\n\t\tvar owl_goto = jQuery('#slider_1463');\n\t\tjQuery('.slider_1463_goto1').click(function(event){\n\t\t\towl_goto.trigger('to.owl.carousel', 0);\n\t\t});\n\t\tjQuery('.slider_1463_goto2').click(function(event){\n\t\t\towl_goto.trigger('to.owl.carousel', 1);\n\t\t});\n\t\tjQuery('.slider_1463_goto3').click(function(event){\n\t\t\towl_goto.trigger('to.owl.carousel', 2);\n\t\t});\n\t\tjQuery('.slider_1463_goto4').click(function(event){\n\t\t\towl_goto.trigger('to.owl.carousel', 3);\n\t\t});\n\t\tjQuery('.slider_1463_goto5').click(function(event){\n\t\t\towl_goto.trigger('to.owl.carousel', 4);\n\t\t});\n\t\tjQuery('.slider_1463_goto6').click(function(event){\n\t\t\towl_goto.trigger('to.owl.carousel', 5);\n\t\t});\n\t\tvar resize_1463 = jQuery('.owl-carousel');\n\t\tresize_1463.on('initialized.owl.carousel', function(e) {\n\t\t\tif (typeof(Event) === 'function') {\n\t\t\t\twindow.dispatchEvent(new Event('resize'));\n\t\t\t} else {\n\t\t\t\tvar evt = window.document.createEvent('UIEvents');\n\t\t\t\tevt.initUIEvent('resize', true, false, window, 0);\n\t\t\t\twindow.dispatchEvent(evt);\n\t\t\t}\n\t\t});\n\t});\n<\/script>\n\n<h1><strong>Asesor\u00eda en Materia de Comercio Exterior<\/strong><\/h1>\n<p>Nuestro personal es constantemente capacitado para dar respuesta inmediata a la asesor\u00eda que necesite.<br \/>\nEspecializados en el manejo de proyectos log\u00edsticos, estamos en condiciones de dar soluci\u00f3n a cualquier contingencia o emprendimiento que necesite.<\/p>\n","protected":false},"excerpt":{"rendered":"<p>Asesor\u00eda en Materia de Comercio Exterior Nuestro personal es constantemente capacitado para dar respuesta inmediata a la asesor\u00eda que necesite. Especializados en el manejo de proyectos log\u00edsticos, estamos en condiciones de dar soluci\u00f3n a cualquier contingencia o emprendimiento que necesite.<\/p>\n","protected":false},"author":1,"featured_media":0,"parent":0,"menu_order":0,"comment_status":"closed","ping_status":"closed","template":"","meta":{"_kadence_starter_templates_imported_post":false,"jetpack_post_was_ever_published":false,"footnotes":""},"class_list":["post-23","page","type-page","status-publish","hentry"],"blocksy_meta":[],"jetpack_sharing_enabled":true,"jetpack_shortlink":"https:\/\/wp.me\/PaS2MR-n","jetpack-related-posts":[],"_links":{"self":[{"href":"https:\/\/rysbolivia.com\/RyS\/wp-json\/wp\/v2\/pages\/23","targetHints":{"allow":["GET"]}}],"collection":[{"href":"https:\/\/rysbolivia.com\/RyS\/wp-json\/wp\/v2\/pages"}],"about":[{"href":"https:\/\/rysbolivia.com\/RyS\/wp-json\/wp\/v2\/types\/page"}],"author":[{"embeddable":true,"href":"https:\/\/rysbolivia.com\/RyS\/wp-json\/wp\/v2\/users\/1"}],"replies":[{"embeddable":true,"href":"https:\/\/rysbolivia.com\/RyS\/wp-json\/wp\/v2\/comments?post=23"}],"version-history":[{"count":10,"href":"https:\/\/rysbolivia.com\/RyS\/wp-json\/wp\/v2\/pages\/23\/revisions"}],"predecessor-version":[{"id":1544,"href":"https:\/\/rysbolivia.com\/RyS\/wp-json\/wp\/v2\/pages\/23\/revisions\/1544"}],"wp:attachment":[{"href":"https:\/\/rysbolivia.com\/RyS\/wp-json\/wp\/v2\/media?parent=23"}],"curies":[{"name":"wp","href":"https:\/\/api.w.org\/{rel}","templated":true}]}}