{"id":17,"date":"2017-08-09T16:12:02","date_gmt":"2017-08-09T20:12:02","guid":{"rendered":"http:\/\/rysbolivia.com\/RyS\/?page_id=17"},"modified":"2023-07-19T16:55:12","modified_gmt":"2023-07-19T20:55:12","slug":"coordinacion-de-logistica-internacional","status":"publish","type":"page","link":"https:\/\/rysbolivia.com\/RyS\/coordinacion-de-logistica-internacional\/","title":{"rendered":"COORDINACI\u00d3N DE LOG\u00cdSTICA INTERNACIONAL"},"content":{"rendered":"<p><img data-recalc-dims=\"1\" decoding=\"async\" class=\"alignnone size-full wp-image-1337 lazyload\" data-src=\"https:\/\/i0.wp.com\/rysbolivia.com\/RyS\/wp-content\/uploads\/2023\/07\/Create-a-professional-image-that-represents-the-coordination-of-international-logistics-for-a.png?resize=940%2C768&#038;ssl=1\" alt=\"\" width=\"940\" height=\"768\" data-srcset=\"https:\/\/i0.wp.com\/rysbolivia.com\/RyS\/wp-content\/uploads\/2023\/07\/Create-a-professional-image-that-represents-the-coordination-of-international-logistics-for-a.png?w=940&amp;ssl=1 940w, https:\/\/i0.wp.com\/rysbolivia.com\/RyS\/wp-content\/uploads\/2023\/07\/Create-a-professional-image-that-represents-the-coordination-of-international-logistics-for-a.png?resize=300%2C245&amp;ssl=1 300w, https:\/\/i0.wp.com\/rysbolivia.com\/RyS\/wp-content\/uploads\/2023\/07\/Create-a-professional-image-that-represents-the-coordination-of-international-logistics-for-a.png?resize=768%2C627&amp;ssl=1 768w\" data-sizes=\"auto, (max-width: 940px) 100vw, 940px\" src=\"data:image\/svg+xml;base64,PHN2ZyB3aWR0aD0iMSIgaGVpZ2h0PSIxIiB4bWxucz0iaHR0cDovL3d3dy53My5vcmcvMjAwMC9zdmciPjwvc3ZnPg==\" style=\"--smush-placeholder-width: 940px; --smush-placeholder-aspect-ratio: 940\/768;\" \/><\/p>\n<p>En R&amp;S S.R.L., trabajamos junto a nuestros valiosos Socios Comerciales para brindar una log\u00edstica excepcional que satisfaga plenamente sus necesidades.<\/p>\n<p>Nuestro riguroso proceso de evaluaci\u00f3n y selecci\u00f3n de proveedores garantiza que la mercanc\u00eda sea manejada con la m\u00e1xima calidad. Coordinamos todos los aspectos del transporte, reexpedici\u00f3n, consolidaci\u00f3n, etiquetado y cualquier otra operaci\u00f3n complementaria, sin importar el tipo de transporte requerido.<\/p>\n<p>Con R&amp;S S.R.L., puedes confiar en que tus env\u00edos estar\u00e1n en las mejores manos, ofreciendo un servicio integral y confiable que superar\u00e1 tus expectativas en todo momento.<\/p>\n","protected":false},"excerpt":{"rendered":"<p>En R&amp;S S.R.L., trabajamos junto a nuestros valiosos Socios Comerciales para brindar una log\u00edstica excepcional que satisfaga plenamente sus necesidades. Nuestro riguroso proceso de evaluaci\u00f3n y selecci\u00f3n de proveedores garantiza que la mercanc\u00eda sea manejada con la m\u00e1xima calidad. Coordinamos todos los aspectos del transporte, reexpedici\u00f3n, consolidaci\u00f3n, etiquetado y cualquier otra operaci\u00f3n complementaria, sin importar [&hellip;]<\/p>\n","protected":false},"author":1,"featured_media":0,"parent":0,"menu_order":0,"comment_status":"closed","ping_status":"closed","template":"","meta":{"_kadence_starter_templates_imported_post":false,"jetpack_post_was_ever_published":false,"footnotes":""},"class_list":["post-17","page","type-page","status-publish","hentry"],"blocksy_meta":[],"jetpack_sharing_enabled":true,"jetpack_shortlink":"https:\/\/wp.me\/PaS2MR-h","jetpack-related-posts":[],"_links":{"self":[{"href":"https:\/\/rysbolivia.com\/RyS\/wp-json\/wp\/v2\/pages\/17","targetHints":{"allow":["GET"]}}],"collection":[{"href":"https:\/\/rysbolivia.com\/RyS\/wp-json\/wp\/v2\/pages"}],"about":[{"href":"https:\/\/rysbolivia.com\/RyS\/wp-json\/wp\/v2\/types\/page"}],"author":[{"embeddable":true,"href":"https:\/\/rysbolivia.com\/RyS\/wp-json\/wp\/v2\/users\/1"}],"replies":[{"embeddable":true,"href":"https:\/\/rysbolivia.com\/RyS\/wp-json\/wp\/v2\/comments?post=17"}],"version-history":[{"count":6,"href":"https:\/\/rysbolivia.com\/RyS\/wp-json\/wp\/v2\/pages\/17\/revisions"}],"predecessor-version":[{"id":1383,"href":"https:\/\/rysbolivia.com\/RyS\/wp-json\/wp\/v2\/pages\/17\/revisions\/1383"}],"wp:attachment":[{"href":"https:\/\/rysbolivia.com\/RyS\/wp-json\/wp\/v2\/media?parent=17"}],"curies":[{"name":"wp","href":"https:\/\/api.w.org\/{rel}","templated":true}]}}